{"id":35134,"date":"2017-09-14T10:44:01","date_gmt":"2017-09-14T10:44:01","guid":{"rendered":"https:\/\/apollorental.gr\/rental-terms\/"},"modified":"2025-05-29T08:38:49","modified_gmt":"2025-05-29T08:38:49","slug":"rental-terms","status":"publish","type":"page","link":"https:\/\/apollorental.gr\/fr\/rental-terms\/","title":{"rendered":"Conditions de location"},"content":{"rendered":"\t\t<div data-elementor-type=\"wp-post\" data-elementor-id=\"35134\" class=\"elementor elementor-35134 elementor-25074\">\n\t\t\t\t\t\t<section class=\"has_eae_slider elementor-section elementor-top-section elementor-element elementor-element-6a80d31 elementor-section-boxed elementor-section-height-default elementor-section-height-default\" data-id=\"6a80d31\" data-element_type=\"section\" data-settings=\"{&quot;background_background&quot;:&quot;classic&quot;}\">\n\t\t\t\t\t\t\t<div class=\"elementor-background-overlay\"><\/div>\n\t\t\t\t\t\t\t<div class=\"elementor-container elementor-column-gap-no\">\n\t\t\t\t\t<div class=\"has_eae_slider elementor-column elementor-col-100 elementor-top-column elementor-element elementor-element-61357e8\" data-id=\"61357e8\" data-element_type=\"column\">\n\t\t\t<div class=\"elementor-widget-wrap elementor-element-populated\">\n\t\t\t\t\t\t<div class=\"elementor-element elementor-element-7f6f690 elementor-invisible elementor-widget elementor-widget-heading\" data-id=\"7f6f690\" data-element_type=\"widget\" data-settings=\"{&quot;_animation&quot;:&quot;zoomIn&quot;}\" data-widget_type=\"heading.default\">\n\t\t\t\t<div class=\"elementor-widget-container\">\n\t\t\t<h1 class=\"elementor-heading-title elementor-size-default\">Conditions de location<\/h1>\t\t<\/div>\n\t\t\t\t<\/div>\n\t\t\t\t\t<\/div>\n\t\t<\/div>\n\t\t\t\t\t<\/div>\n\t\t<\/section>\n\t\t\t\t<section class=\"has_eae_slider elementor-section elementor-top-section elementor-element elementor-element-8a79e46 elementor-section-boxed elementor-section-height-default elementor-section-height-default\" data-id=\"8a79e46\" data-element_type=\"section\" data-settings=\"{&quot;background_background&quot;:&quot;classic&quot;}\">\n\t\t\t\t\t\t<div class=\"elementor-container elementor-column-gap-no\">\n\t\t\t\t\t<div class=\"has_eae_slider elementor-column elementor-col-100 elementor-top-column elementor-element elementor-element-f819d5f\" data-id=\"f819d5f\" data-element_type=\"column\">\n\t\t\t<div class=\"elementor-widget-wrap elementor-element-populated\">\n\t\t\t\t\t\t<div class=\"elementor-element elementor-element-f4be610 elementor-invisible elementor-widget elementor-widget-heading\" data-id=\"f4be610\" data-element_type=\"widget\" data-settings=\"{&quot;_animation&quot;:&quot;fadeIn&quot;}\" data-widget_type=\"heading.default\">\n\t\t\t\t<div class=\"elementor-widget-container\">\n\t\t\t<h2 class=\"elementor-heading-title elementor-size-default\">Conditions de location d'Apollo<\/h2>\t\t<\/div>\n\t\t\t\t<\/div>\n\t\t\t\t<div class=\"elementor-element elementor-element-e70203d elementor-widget elementor-widget-text-editor\" data-id=\"e70203d\" data-element_type=\"widget\" data-widget_type=\"text-editor.default\">\n\t\t\t\t<div class=\"elementor-widget-container\">\n\t\t\t\t\t\t\t<p>Conditions g\u00e9n\u00e9rales de location d\u2019une voiture chez Apollo Rental<\/p>\t\t\t\t\t\t<\/div>\n\t\t\t\t<\/div>\n\t\t\t\t<div class=\"elementor-element elementor-element-791b7cd elementor-widget elementor-widget-text-editor\" data-id=\"791b7cd\" data-element_type=\"widget\" data-widget_type=\"text-editor.default\">\n\t\t\t\t<div class=\"elementor-widget-container\">\n\t\t\t\t\t\t\t<p><strong>Conditions de location\u00a0<\/strong><br \/>Conditions g\u00e9n\u00e9rales de location d\u2019une voiture chez Apollo Rental<br \/>* La conduite hors route n&rsquo;est pas autoris\u00e9e sur tous nos v\u00e9hicules sauf la Suzuki Ignis All Grip<br \/>* Si le v\u00e9hicule n&rsquo;est pas r\u00e9cup\u00e9r\u00e9 dans les 2 heures suivant l&rsquo;heure de prise en charge pr\u00e9d\u00e9termin\u00e9e, votre r\u00e9servation est automatiquement annul\u00e9e.<\/p><p><strong>Nos prix comprennent:<\/strong><\/p><ul><li>Assurance au tiers (T.P.I.)<\/li><li>Assistance routi\u00e8re 24 heures sur 24<\/li><li>Km illimit\u00e9<\/li><li>Chauffeur suppl\u00e9mentaire gratuity<\/li><li>Feuille de route gratuite<\/li><li>Toutes taxes et TVA<\/li><\/ul><p><strong>\u00a0<\/strong><strong>Documents requis<br \/><\/strong>Un permis de conduire international ou national valide, \u00e0 condition qu&rsquo;il ait \u00e9t\u00e9 d\u00e9livr\u00e9 il y a au moins un an dans un pays de l&rsquo;Union europ\u00e9enne. Pour les pays hors Union europ\u00e9enne, si le permis de conduire n&rsquo;est pas d&rsquo;un nouveau type (carte) en anglais, le conducteur doit \u00e9galement disposer d&rsquo;un permis de conduire international, qui doit \u00eatre accompagn\u00e9 du permis national. En plus d&rsquo;un permis de conduire, le conducteur et tout conducteur suppl\u00e9mentaire doivent fournir une pi\u00e8ce d&rsquo;identit\u00e9 valide telle qu&rsquo;un passeport ou une pi\u00e8ce d&rsquo;identit\u00e9.<strong><br \/><\/strong><\/p><p><strong>\u00c2ge du conducteur<br \/><\/strong>La limite d&rsquo;\u00e2ge minimum est de 23 ans et la limite d&rsquo;\u00e2ge maximum est de 75 ans pour toutes les cat\u00e9gories de v\u00e9hicules.<strong><br \/><\/strong><\/p><p><strong>Options de paiement<br \/><\/strong>Notre soci\u00e9t\u00e9 accepte les paiements par cartes de cr\u00e9dit et de d\u00e9bit Visa, Mastercard ainsi qu&rsquo;en esp\u00e8ces. Non accept\u00e9s : American express, Diners, cartes pr\u00e9pay\u00e9es et cartes dont le nom du titulaire n&rsquo;est pas mentionn\u00e9.<\/p><p><strong>Informations sur votre r\u00e9servation<br \/><\/strong>Lisez en d\u00e9tail les conditions g\u00e9n\u00e9rales de location, assurez-vous d&rsquo;avoir tous les documents n\u00e9cessaires pour r\u00e9cup\u00e9rer le v\u00e9hicule (par exemple permis de conduire, pi\u00e8ces d&rsquo;identit\u00e9, passeport &#8211; pi\u00e8ce d&rsquo;identit\u00e9).<\/p><p>La soci\u00e9t\u00e9 peut ne pas approuver la r\u00e9ception du v\u00e9hicule si le client ne respecte pas les conditions de location ou s&rsquo;il ne dispose pas des documents n\u00e9cessaires avec lui.<\/p><p>En effectuant votre r\u00e9servation via notre site Internet, vous confirmez que vous avez lu et accept\u00e9 les termes et conditions de notre soci\u00e9t\u00e9.<\/p><p>Une confirmation de votre r\u00e9servation vous sera envoy\u00e9e par email. V\u00e9rifiez que toutes les informations que vous avez renseign\u00e9es sont correctes.<\/p><p><strong>Politique de carburant<br \/><\/strong>Le locataire doit restituer le v\u00e9hicule avec le m\u00eame niveau de carburant que celui livr\u00e9 pour \u00e9viter tout frais suppl\u00e9mentaire.<\/p><p><strong>Si\u00e8ges pour b\u00e9b\u00e9s, enfants et rehausseurs<br \/><\/strong>Ils sont fournis moyennant un tarif de 3 \u20ac par jour. Les si\u00e8ges enfants sont install\u00e9s par le locataire du v\u00e9hicule \u00e0 ses propres risques.<\/p><p><strong>Conducteur suppl\u00e9mentaire<br \/><\/strong>Un conducteur suppl\u00e9mentaire est disponible et il n&rsquo;y a aucun frais suppl\u00e9mentaire.<\/p><p><strong>Couverture d&rsquo;assurance<br \/><\/strong>Assurance au tiers ( T.P.I )<strong><br \/><\/strong>Tous les v\u00e9hicules sont assur\u00e9s pour les dommages corporels et les dommages mat\u00e9riels aux tiers (accidents du conducteur et dommages au v\u00e9hicule de location non inclus).<\/p><p><strong>Non inclus dans les prix de location :<br \/>Frais de nettoyage biologique<br \/><\/strong>Dans le cas o\u00f9 le v\u00e9hicule est restitu\u00e9 avec des si\u00e8ges ou des selleries souill\u00e9s et qu&rsquo;un nettoyage biologique est n\u00e9cessaire pour le remettre dans son \u00e9tat d&rsquo;origine, des frais de m\u00e9nage vous seront factur\u00e9s. Les frais de m\u00e9nage sont de 50 \u20ac TTC.<\/p><p><strong>Amendes, infractions au code de la route<br \/><\/strong>Toutes amendes et infractions, exc\u00e8s de vitesse, stationnement ill\u00e9gal, retrait de plaque, etc. \u00e0 la charge du locataire.<\/p><p><strong>Frais suppl\u00e9mentaires pour perte et dommages aux \u00e9quipements du v\u00e9hicule<\/strong><\/p><p>Perte des cl\u00e9s, antenne, lampe, allume cigare, vous supporterez les frais de remplacement.<\/p><p>En cas de dommages aux \u00e9quipements suppl\u00e9mentaires (par exemple si\u00e8ges enfants), vous supporterez les frais de remplacement.<\/p><p>Dommages \u00e0 l&rsquo;int\u00e9rieur du v\u00e9hicule (p. ex. sellerie, lecteurs audio, vous serez responsable des frais de r\u00e9paration.<\/p><p><strong>CONDITIONS D\u00c9TAILL\u00c9ES<\/strong><\/p><p><strong>1. LIVRAISON ET COLLECTE<br \/><\/strong>\u2013 Le locataire a re\u00e7u le v\u00e9hicule qu&rsquo;il a examin\u00e9 et qu&rsquo;il a trouv\u00e9 \u00e0 son go\u00fbt absolu, en excellent \u00e9tat et adapt\u00e9 \u00e0 l&rsquo;usage et \u00e0 la destination pour laquelle il le loue.<br \/>\u2013 Le locataire est tenu de restituer \u00e0 APOLLO RENTAL la voiture ou la moto et tous les formulaires, outils et accessoires qui l\u2019accompagnent, dans l\u2019\u00e9tat et la quantit\u00e9 de carburant qui a \u00e9t\u00e9 re\u00e7ue et au lieu et \u00e0 l\u2019heure pr\u00e9cis\u00e9s aux pr\u00e9sentes.<br \/>Dans le cas contraire et apr\u00e8s expiration du d\u00e9lai de retour convenu, le locataire aura l&rsquo;obligation de payer \u00e0 APOLLO RENTAL le tarif normal de l&rsquo;indemnit\u00e9 d&rsquo;usage ainsi que l&rsquo;indemnisation de tout dommage positif et cumul\u00e9.<br \/>\u2013 APOLLO RENTAL se r\u00e9serve le droit de reprendre possession et usage du v\u00e9hicule \u00e0 tout moment sans pr\u00e9avis et sans le consentement du locataire, mais aux frais de ce dernier, de partout et par tous moyens, dans tous les cas o\u00f9 \u00e0 son avis il existe un risque de les dommages ou la perte du v\u00e9hicule ainsi que le risque de ne pas percevoir l&rsquo;indemnit\u00e9 d&rsquo;usage et toute autre indemnit\u00e9 due.<br \/>\u2013 En dehors du cas ci-dessus, APOLLO RENTAL a le droit de r\u00e9cup\u00e9rer la possession et l&rsquo;usage du v\u00e9hicule si et aussi longtemps qu&rsquo;il a \u00e9t\u00e9 utilis\u00e9 ou est utilis\u00e9 en violation des termes du pr\u00e9sent contrat ou de la p\u00e9riode de location pr\u00e9d\u00e9termin\u00e9e.<\/p><p><strong>2. VOL, DOMMAGES, ETC.<br \/><\/strong>\u2013 Le Locataire a l\u2019obligation d\u2019indemniser APOLLO RENTAL ainsi que tout tiers en cas de vol, perte ou dommage du v\u00e9hicule ou de tiers (y compris ses passagers) ainsi que de payer tout dommage positif ou collat\u00e9ral subi par APOLLO RENTAL.<br \/>\u2013 Le locataire est responsable de tous les dommages caus\u00e9s au v\u00e9hicule ou \u00e0 des tiers, s&rsquo;il a viol\u00e9 les conditions d&rsquo;utilisation ou conduit de mani\u00e8re ill\u00e9gale ou contraire \u00e0 ce qui est pr\u00e9vu par le code de la route et qu&rsquo;il ait ou non accept\u00e9 toute couverture\/assurance suppl\u00e9mentaire pour v\u00e9hicule.<br \/>\u2013 Le locataire est responsable du vol partiel ou total du v\u00e9hicule<br \/>\u2013 Il est interdit de r\u00e9parer le v\u00e9hicule en cas de dommage par le locataire en sa propre connaissance. Le locataire est tenu de payer tout dommage, panne m\u00e9canique ou remplacement des pneus endommag\u00e9s du v\u00e9hicule lou\u00e9.<\/p><p><strong>3. FRAIS<br \/><\/strong>\u2013 Le locataire est tenu de r\u00e9gler le loyer \u00e0 APOLLO RENTAL d\u00e8s la r\u00e9ception ou la livraison du v\u00e9hicule.<br \/>\u2013 Le tarif du v\u00e9hicule est de 24 heures. En cas de retour tardif, des frais suppl\u00e9mentaires sont fix\u00e9s par APOLLO RENTAL.<br \/>\u2013 Le locataire est responsable de tous les frais li\u00e9s au plein de carburant du v\u00e9hicule dans le cas o\u00f9 celui-ci n&rsquo;est pas restitu\u00e9 au m\u00eame niveau qu&rsquo;\u00e0 sa r\u00e9ception. Dans le cas o\u00f9 le v\u00e9hicule est restitu\u00e9 avec un niveau de carburant inf\u00e9rieur, le locataire est tenu d&rsquo;indemniser APOLLO RENTAL.<br \/>\u2013 Tous les frais d\u2019APOLLO RENTAL, y compris les frais juridiques et les int\u00e9r\u00eats moratoires, dus aux montants en souffrance de ce bail ou \u00e0 la reprise et \u00e0 l\u2019utilisation du v\u00e9hicule par APOLLO RENTAL seront \u00e0 la charge du locataire.<br \/>\u2013 Le locataire est tenu de payer toutes les sanctions p\u00e9cuniaires, amendes, frais de justice et autres frais qui ont \u00e9t\u00e9 impos\u00e9s ou pourraient \u00eatre impos\u00e9s \u00e0 APOLLO RENTAL en raison de violations lors de l&rsquo;utilisation du v\u00e9hicule par le locataire. Dans ce dernier cas, le locataire ou le conducteur suppl\u00e9mentaire mentionn\u00e9 au recto du pr\u00e9sent document restera responsable des actes ill\u00e9gaux.<br \/>\u2013 Le locataire est factur\u00e9 selon la liste de prix d&rsquo;APOLLO RENTAL pour la prise en charge ou le retour du v\u00e9hicule \u00e0 un autre endroit sans l&rsquo;accord \u00e9crit d&rsquo;APOLLO RENTAL.<br \/>\u2013 Tous les frais sont sujets \u00e0 un examen final.<\/p><p><strong>4. CONDITIONS D&rsquo;UTILISATION<br \/><\/strong>\u2013 Le Locataire est tenu de prendre soin du v\u00e9hicule, de le maintenir en bon \u00e9tat, de v\u00e9rifier son \u00e9tat m\u00e9canique, son niveau d&rsquo;huile et d&rsquo;eau, ses pneus, etc. et de mani\u00e8re g\u00e9n\u00e9rale de faire preuve de la diligence d&rsquo;un conducteur prudent.<br \/>\u2013 Toute r\u00e9paration du v\u00e9hicule par le locataire ou un autre tiers est interdite sans l\u2019accord pr\u00e9alable d\u2019APOLLO RENTAL.<br \/>\u2013 Il est interdit d\u2019utiliser le v\u00e9hicule :<br \/>(a) Pour transporter des personnes ou des choses contre r\u00e9mun\u00e9ration<br \/>(b) Pour remorquer ou remorquer des v\u00e9hicules ou d&rsquo;autres objets<br \/>(c) Pour participer ou suivre des courses de vitesse<br \/>(d) Pour la sous-location \u00e0 des tiers<br \/>(e) \u00c0 des fins contraires aux lois grecques<br \/>(f) Si le Locataire ou le conducteur suppl\u00e9mentaire du v\u00e9hicule est sous l&rsquo;influence d&rsquo;alcool, d&rsquo;hallucinog\u00e8nes, de drogues, de barbituriques ou de toute autre substance affectant l&rsquo;aptitude \u00e0 conduire et les sens du conducteur.<br \/>(g) En violation de toute r\u00e9glementation douani\u00e8re, routi\u00e8re ou autre<br \/>(h) Par tout tiers, autre que le Locataire et tout conducteur suppl\u00e9mentaire pour lequel le locataire a accept\u00e9 le tarif journalier pour conducteurs suppl\u00e9mentaires, tel que sp\u00e9cifi\u00e9 dans la liste de prix officielle d&rsquo;APOLLO RENTAL.<br \/>(i) Pour transporter ou d\u00e9placer des bagages lourds, des mati\u00e8res inflammables, des objets sales ou malodorants, des m\u00e9dicaments, etc.<br \/>j) Effectuer des transferts ill\u00e9gaux de nationaux ou d&rsquo;\u00e9trangers ou commettre des actes ill\u00e9gaux.<\/p><p>\u2013 La soci\u00e9t\u00e9 loueuse n\u2019est pas responsable des objets des prospects, de ses clients qui montent \u00e0 bord des v\u00e9hicules lou\u00e9s, soit au moment du contrat, et qui ont \u00e9t\u00e9 laiss\u00e9s dans les v\u00e9hicules, soit avant le moment du contrat et ont \u00e9t\u00e9 laiss\u00e9s dans les bureaux. , ou et apr\u00e8s le contrat en cas d&rsquo;abandon.<strong><br \/><\/strong>\u2013 Il est interdit de conduire le v\u00e9hicule par une personne non agr\u00e9\u00e9e par APOLLO RENTAL et non r\u00e9pertori\u00e9e dans cette location.<br \/>\u2013 En cas de fausse d\u00e9claration du locataire, qu&rsquo;il est titulaire d&rsquo;un permis de conduire d\u00e9livr\u00e9 depuis au moins un an ou qu&rsquo;il a plus de 23 ans, sa responsabilit\u00e9 en plus de celle d\u00e9rivant de ce bail est \u00e9tendue et les poursuites p\u00e9nales ne sont pas exclu.<br \/>\u2013 Il est interdit de quitter le v\u00e9hicule lou\u00e9 \u00e0 Sifnos sans l\u2019accord \u00e9crit du loueur.<br \/>\u2013 Il est interdit de charger le v\u00e9hicule lou\u00e9 sur un navire sans l\u2019accord \u00e9crit d\u2019APOLLO RENTAL.<br \/>\u2013 Il est interdit de conduire le v\u00e9hicule lou\u00e9 en violation du code de la route en vigueur \u00e0 tout moment.<br \/>\u2013 Il est interdit de garer le v\u00e9hicule dans des endroits interdits. Le locataire est responsable de tout stationnement ill\u00e9gal, dans le cas o\u00f9 le bailleur a subi un pr\u00e9judice soit positivement (amende\/p\u00e9nalit\u00e9) pour le stationnement ill\u00e9gal ou l&rsquo;infraction, soit \u00e0 titre de caution (en retirant le panneau), le locataire est tenu d&rsquo;indemniser le bailleur. pour tout dommage qu&rsquo;il promet de payer.<br \/>\u2013 En particulier pour les motos, au cas o\u00f9 l&rsquo;on constate que la moto circule avec plus de 2 personnes, le locataire doit restituer imm\u00e9diatement la moto qu&rsquo;il a lou\u00e9e moyennant un versement de 100 \u20ac, pour mauvaise utilisation.<br \/>\u2013 Il est interdit de circuler sur un chemin de terre avec des v\u00e9hicules non conformes.<\/p><p><strong>5. PROLONGATION DU BAIL<br \/><\/strong>\u2013 Si le locataire souhaite prolonger la location du v\u00e9hicule, il est tenu d\u2019en informer APOLLO RENTAL au moins 24 heures avant la fin de la location afin d\u2019obtenir l\u2019accord y aff\u00e9rent. A d\u00e9faut, il s&rsquo;expose \u00e0 des poursuites civiles et p\u00e9nales pour usage et d\u00e9tention illicites du v\u00e9hicule.<br \/>\u2013 En cas de prolongation de bail, le locataire est li\u00e9 par les termes et accords du contrat initial et du contrat de prolongation de bail, qu\u2019il s\u2019agisse du m\u00eame v\u00e9hicule ou d\u2019un v\u00e9hicule de remplacement.<\/p><p><strong style=\"font-size: 16px;\">6. DOMMAGES<br \/><\/strong>\u2013 Le Locataire accepte express\u00e9ment qu\u2019APOLLO RENTAL n\u2019est pas responsable de tout dommage positif ou cons\u00e9cutif subi par le locataire ou des tiers lors de la location et aucune r\u00e9clamation ne pourra \u00eatre formul\u00e9e contre APOLLO RENTAL pour la raison ci-dessus.<\/p><p><strong>7. ACCIDENTS<br \/><\/strong>\u2013 En cas d\u2019accident ou autre incident (incendie, vol, etc.) le locataire ou le conducteur suppl\u00e9mentaire est imm\u00e9diatement tenu de ce qui suit :<br \/>(a) Ne pas reconna\u00eetre la faute ou la culpabilit\u00e9 et les r\u00e9clamations de tiers de quelque mani\u00e8re que ce soit, directes ou indirectes.<br \/>b) Enregistrer les noms et adresses des t\u00e9moins oculaires ainsi que le nom et l&rsquo;adresse du conducteur et les d\u00e9tails du v\u00e9hicule avec lequel le v\u00e9hicule est entr\u00e9 en collision.<br \/>(c) Avertir la police pour v\u00e9rifier la faute du tiers et soigner les personnes bless\u00e9es<br \/>(d) Contacter imm\u00e9diatement APOLLO RENTAL par t\u00e9l\u00e9phone<br \/>(e) Recueillir toute information pertinente aupr\u00e8s de tout tiers<br \/>(f) Photographiez si possible la sc\u00e8ne de l&rsquo;accident et les v\u00e9hicules impliqu\u00e9s dans l&rsquo;accident.<br \/>\u2013 Le Locataire est tenu dans les 24 heures de remplir et signer un constat d\u2019accident\/vol \u00e0 APOLLO RENTAL et de transmettre tout document ou information relatif \u00e0 l\u2019accident \u00e0 APOLLO RENTAL.<br \/>\u2013 En cas de vol ou de perte du v\u00e9hicule, le locataire est tenu de signaler l&rsquo;\u00e9v\u00e9nement par \u00e9crit \u00e0 la police la plus proche dans les 24 heures.<\/p><p><strong>8. ASSURANCES<br \/><\/strong>\u2013 APOLLO RENTAL met \u00e0 la disposition du locataire et du conducteur suppl\u00e9mentaire une assurance aupr\u00e8s d\u2019une compagnie d\u2019assurance de son choix en cas de d\u00e9c\u00e8s ou de dommages corporels aux tiers (le conducteur du v\u00e9hicule est exclu).<br \/>\u2013 Le v\u00e9hicule lou\u00e9 b\u00e9n\u00e9ficie d\u2019une assurance v\u00e9hicule de location simple au tiers.<br \/>\u2013 APOLLO RENTAL fournit une couverture d\u2019assurance contre les tiers uniquement aux personnes ayant utilis\u00e9 le v\u00e9hicule avec son autorisation, avec une police d\u2019assurance dont les conditions sont disponibles pour inspection.<br \/>\u2013 Les bagages ne sont pas couverts par l\u2019assurance et le locataire est responsable de toute perte ou dommage aux objets qui sont sa propri\u00e9t\u00e9 ou non, APOLLO RENTAL n\u2019assume aucune responsabilit\u00e9 pour toute perte, dommage, vol, etc. lors de la location ou de la restitution du v\u00e9hicule \u00e0 APOLLO LOCATION.<\/p><p><strong>9. AUTRES CONDITIONS<br \/><\/strong>\u2013 Le v\u00e9hicule appartient toujours \u00e0 APOLLO RENTAL<br \/>\u2013 Le locataire n\u2019est en aucun cas et en aucun cas un repr\u00e9sentant d\u2019APOLLO RENTAL.<br \/>\u2013 Le locataire reconna\u00eet qu\u2019il n\u2019acquiert aucun droit autre que ceux mentionn\u00e9s au contrat.<br \/>\u2013 Pendant la location, tous les conducteurs suppl\u00e9mentaires sont solidairement responsables avec le locataire.<br \/>\u2013 de m\u00eame, dans le cas o\u00f9 un repr\u00e9sentant signe le bail, il sera solidairement responsable avec le repr\u00e9sent\u00e9.<br \/>\u2013 Le contrat pr\u00e9vaudra sur tout autre accord \u00e9crit ou oral ant\u00e9rieur entre APOLLO RENTAL et le locataire.<br \/>\u2013 APOLLO RENTAL ne peut renoncer \u00e0 ses droits d\u00e9coulant de la loi et du contrat.<br \/>\u2013 Toute modification des termes du contrat est nulle si elle n\u2019est pas convenue par \u00e9crit.<br \/>\u2013 Le locataire accepte et accepte que toutes les conditions ci-dessus soient valables aussi bien dans le cas du contrat initial avec APOLLO RENTAL que dans les cas de prolongation de la dur\u00e9e de la location et\/ou de remplacement du v\u00e9hicule initialement lou\u00e9 par un autre.<br \/>\u2013 En cas de divergence entre les copies et l\u2019original du contrat, l\u2019original en possession d\u2019APOLLO RENTAL pr\u00e9vaut.<br \/>Les parties contractantes reconnaissent et acceptent tous les termes du contrat comme \u00e9tant essentiels et fondamentaux aux fins de celui-ci.<\/p><p><strong>10. JURIDICTION<\/strong><br \/>Cet accord est r\u00e9gi par la l\u00e9gislation grecque et tout litige survenant entre APOLLO RENTAL et le locataire de cet accord sera soumis \u00e0 la comp\u00e9tence exclusive des tribunaux du district dans lequel l&rsquo;accord ci-dessus a \u00e9t\u00e9 r\u00e9dig\u00e9.<\/p>\t\t\t\t\t\t<\/div>\n\t\t\t\t<\/div>\n\t\t\t\t\t<\/div>\n\t\t<\/div>\n\t\t\t\t\t<\/div>\n\t\t<\/section>\n\t\t\t\t<\/div>\n\t\t","protected":false},"excerpt":{"rendered":"<p>Conditions de location Conditions de location d&rsquo;Apollo Conditions g\u00e9n\u00e9rales de location d\u2019une voiture chez Apollo Rental Conditions de location\u00a0Conditions g\u00e9n\u00e9rales de location d\u2019une voiture chez Apollo Rental* La conduite hors route n&rsquo;est pas autoris\u00e9e sur tous nos v\u00e9hicules sauf la Suzuki Ignis All Grip* Si le v\u00e9hicule n&rsquo;est pas r\u00e9cup\u00e9r\u00e9 dans les 2 heures suivant &hellip;<\/p>\n<p class=\"read-more\"> <a class=\"\" href=\"https:\/\/apollorental.gr\/fr\/rental-terms\/\"> <span class=\"screen-reader-text\">Conditions de location<\/span> Lire la suite \u00bb<\/a><\/p>\n","protected":false},"author":1,"featured_media":0,"parent":0,"menu_order":0,"comment_status":"closed","ping_status":"closed","template":"","meta":{"site-sidebar-layout":"no-sidebar","site-content-layout":"page-builder","ast-global-header-display":"","ast-main-header-display":"","ast-hfb-above-header-display":"","ast-hfb-below-header-display":"","ast-hfb-mobile-header-display":"","site-post-title":"disabled","ast-breadcrumbs-content":"","ast-featured-img":"disabled","footer-sml-layout":"","theme-transparent-header-meta":"enabled","adv-header-id-meta":"","stick-header-meta":"default","header-above-stick-meta":"","header-main-stick-meta":"","header-below-stick-meta":"","footnotes":""},"class_list":["post-35134","page","type-page","status-publish","hentry"],"_links":{"self":[{"href":"https:\/\/apollorental.gr\/fr\/wp-json\/wp\/v2\/pages\/35134","targetHints":{"allow":["GET"]}}],"collection":[{"href":"https:\/\/apollorental.gr\/fr\/wp-json\/wp\/v2\/pages"}],"about":[{"href":"https:\/\/apollorental.gr\/fr\/wp-json\/wp\/v2\/types\/page"}],"author":[{"embeddable":true,"href":"https:\/\/apollorental.gr\/fr\/wp-json\/wp\/v2\/users\/1"}],"replies":[{"embeddable":true,"href":"https:\/\/apollorental.gr\/fr\/wp-json\/wp\/v2\/comments?post=35134"}],"version-history":[{"count":19,"href":"https:\/\/apollorental.gr\/fr\/wp-json\/wp\/v2\/pages\/35134\/revisions"}],"predecessor-version":[{"id":35230,"href":"https:\/\/apollorental.gr\/fr\/wp-json\/wp\/v2\/pages\/35134\/revisions\/35230"}],"wp:attachment":[{"href":"https:\/\/apollorental.gr\/fr\/wp-json\/wp\/v2\/media?parent=35134"}],"curies":[{"name":"wp","href":"https:\/\/api.w.org\/{rel}","templated":true}]}}