{"id":35042,"date":"2023-02-14T11:52:26","date_gmt":"2023-02-14T11:52:26","guid":{"rendered":"https:\/\/apollorental.gr\/about-us\/"},"modified":"2024-05-21T07:15:44","modified_gmt":"2024-05-21T07:15:44","slug":"about-us","status":"publish","type":"page","link":"https:\/\/apollorental.gr\/fr\/about-us\/","title":{"rendered":"Profil"},"content":{"rendered":"\t\t<div data-elementor-type=\"wp-post\" data-elementor-id=\"35042\" class=\"elementor elementor-35042 elementor-31520\">\n\t\t\t\t\t\t<section class=\"has_eae_slider elementor-section elementor-top-section elementor-element elementor-element-1f0acdd elementor-section-boxed elementor-section-height-default elementor-section-height-default\" data-id=\"1f0acdd\" data-element_type=\"section\" data-settings=\"{&quot;background_background&quot;:&quot;classic&quot;}\">\n\t\t\t\t\t\t\t<div class=\"elementor-background-overlay\"><\/div>\n\t\t\t\t\t\t\t<div class=\"elementor-container elementor-column-gap-no\">\n\t\t\t\t\t<div class=\"has_eae_slider elementor-column elementor-col-100 elementor-top-column elementor-element elementor-element-ed733f4\" data-id=\"ed733f4\" data-element_type=\"column\" data-settings=\"{&quot;animation_tablet&quot;:&quot;zoomIn&quot;}\">\n\t\t\t<div class=\"elementor-widget-wrap elementor-element-populated\">\n\t\t\t\t\t\t<div class=\"elementor-element elementor-element-a7cb29f elementor-invisible elementor-widget elementor-widget-heading\" data-id=\"a7cb29f\" data-element_type=\"widget\" data-settings=\"{&quot;_animation&quot;:&quot;zoomIn&quot;}\" data-widget_type=\"heading.default\">\n\t\t\t\t<div class=\"elementor-widget-container\">\n\t\t\t<h1 class=\"elementor-heading-title elementor-size-default\">Profil<\/h1>\t\t<\/div>\n\t\t\t\t<\/div>\n\t\t\t\t\t<\/div>\n\t\t<\/div>\n\t\t\t\t\t<\/div>\n\t\t<\/section>\n\t\t\t\t<section class=\"has_eae_slider elementor-section elementor-top-section elementor-element elementor-element-nk39u9e elementor-section-content-middle elementor-section-boxed elementor-section-height-default elementor-section-height-default\" data-id=\"nk39u9e\" data-element_type=\"section\" data-settings=\"{&quot;background_background&quot;:&quot;classic&quot;}\">\n\t\t\t\t\t\t\t<div class=\"elementor-background-overlay\"><\/div>\n\t\t\t\t\t\t\t<div class=\"elementor-container elementor-column-gap-no\">\n\t\t\t\t\t<div class=\"has_eae_slider elementor-column elementor-col-50 elementor-top-column elementor-element elementor-element-e27c099\" data-id=\"e27c099\" data-element_type=\"column\" data-settings=\"{&quot;background_background&quot;:&quot;classic&quot;}\">\n\t\t\t<div class=\"elementor-widget-wrap elementor-element-populated\">\n\t\t\t\t\t<div class=\"elementor-background-overlay\"><\/div>\n\t\t\t\t\t\t<div class=\"elementor-element elementor-element-91786df elementor-invisible elementor-widget elementor-widget-image\" data-id=\"91786df\" data-element_type=\"widget\" data-settings=\"{&quot;_animation&quot;:&quot;slideInLeft&quot;}\" data-widget_type=\"image.default\">\n\t\t\t\t<div class=\"elementor-widget-container\">\n\t\t\t\t\t\t\t\t\t\t\t\t\t<img fetchpriority=\"high\" decoding=\"async\" width=\"600\" height=\"800\" src=\"https:\/\/apollorental.gr\/wp-content\/uploads\/2023\/04\/couple-rental-car.jpg\" class=\"attachment-full size-full wp-image-34324\" alt=\"\" srcset=\"https:\/\/apollorental.gr\/wp-content\/uploads\/2023\/04\/couple-rental-car.jpg 600w, https:\/\/apollorental.gr\/wp-content\/uploads\/2023\/04\/couple-rental-car-225x300.jpg 225w\" sizes=\"(max-width: 600px) 100vw, 600px\" \/>\t\t\t\t\t\t\t\t\t\t\t\t\t<\/div>\n\t\t\t\t<\/div>\n\t\t\t\t\t<\/div>\n\t\t<\/div>\n\t\t\t\t<div class=\"has_eae_slider elementor-column elementor-col-50 elementor-top-column elementor-element elementor-element-4267346\" data-id=\"4267346\" data-element_type=\"column\" data-settings=\"{&quot;background_background&quot;:&quot;classic&quot;}\">\n\t\t\t<div class=\"elementor-widget-wrap elementor-element-populated\">\n\t\t\t\t\t\t<div class=\"elementor-element elementor-element-2ab885f elementor-widget elementor-widget-heading\" data-id=\"2ab885f\" data-element_type=\"widget\" data-widget_type=\"heading.default\">\n\t\t\t\t<div class=\"elementor-widget-container\">\n\t\t\t<h2 class=\"elementor-heading-title elementor-size-default\">Bienvenue chez Apollo Rental<\/h2>\t\t<\/div>\n\t\t\t\t<\/div>\n\t\t\t\t<div class=\"elementor-element elementor-element-7973b42 elementor-widget elementor-widget-text-editor\" data-id=\"7973b42\" data-element_type=\"widget\" data-widget_type=\"text-editor.default\">\n\t\t\t\t<div class=\"elementor-widget-container\">\n\t\t\t\t\t\t\t<p>Vous recherchez le meilleur v\u00e9hicule pour vos vacances \u00e0 Sifnos ? Chez Apollo Rental, en tant que deuxi\u00e8me g\u00e9n\u00e9ration dans le secteur de la location de voitures et avec plus de 10 ans d&rsquo;exp\u00e9rience, nous sommes en mesure de vous proposer des v\u00e9hicules neufs et propres, en excellent \u00e9tat et \u00e0 des prix comp\u00e9titifs.<\/p><p>Faites votre r\u00e9servation en ligne sur notre site Web et d\u00e9placez-vous dans Sifnos dans le confort et la s\u00e9curit\u00e9.<\/p>\t\t\t\t\t\t<\/div>\n\t\t\t\t<\/div>\n\t\t\t\t<div class=\"elementor-element elementor-element-6ae4a07 elementor-mobile-align-center elementor-widget elementor-widget-button\" data-id=\"6ae4a07\" data-element_type=\"widget\" data-widget_type=\"button.default\">\n\t\t\t\t<div class=\"elementor-widget-container\">\n\t\t\t\t\t<div class=\"elementor-button-wrapper\">\n\t\t\t<a class=\"elementor-button elementor-button-link elementor-size-sm\" href=\"https:\/\/apollorental.gr\/fr\/contact\/\">\n\t\t\t\t\t\t<span class=\"elementor-button-content-wrapper\">\n\t\t\t\t\t\t\t\t\t<span class=\"elementor-button-text\">Contact<\/span>\n\t\t\t\t\t<\/span>\n\t\t\t\t\t<\/a>\n\t\t<\/div>\n\t\t\t\t<\/div>\n\t\t\t\t<\/div>\n\t\t\t\t\t<\/div>\n\t\t<\/div>\n\t\t\t\t\t<\/div>\n\t\t<\/section>\n\t\t\t\t<section class=\"has_eae_slider elementor-section elementor-top-section elementor-element elementor-element-6fe3cc6 elementor-section-full_width elementor-section-height-default elementor-section-height-default\" data-id=\"6fe3cc6\" data-element_type=\"section\" data-settings=\"{&quot;background_background&quot;:&quot;classic&quot;}\">\n\t\t\t\t\t\t\t<div class=\"elementor-background-overlay\"><\/div>\n\t\t\t\t\t\t\t<div class=\"elementor-container elementor-column-gap-no\">\n\t\t\t\t\t<div class=\"has_eae_slider elementor-column elementor-col-100 elementor-top-column elementor-element elementor-element-0c2ab7b\" data-id=\"0c2ab7b\" data-element_type=\"column\">\n\t\t\t<div class=\"elementor-widget-wrap elementor-element-populated\">\n\t\t\t\t\t\t<div class=\"elementor-element elementor-element-9b8ab1f elementor-widget elementor-widget-heading\" data-id=\"9b8ab1f\" data-element_type=\"widget\" data-widget_type=\"heading.default\">\n\t\t\t\t<div class=\"elementor-widget-container\">\n\t\t\t<h3 class=\"elementor-heading-title elementor-size-default\">D\u00e9couvrez Sifnos avec Apollo Rental<\/h3>\t\t<\/div>\n\t\t\t\t<\/div>\n\t\t\t\t<div class=\"elementor-element elementor-element-b30ab24 elementor-widget elementor-widget-text-editor\" data-id=\"b30ab24\" data-element_type=\"widget\" data-widget_type=\"text-editor.default\">\n\t\t\t\t<div class=\"elementor-widget-container\">\n\t\t\t\t\t\t\t<p>Le premier choix de location de voiture pour vos vacances \u00e0 Sifnos !<\/p>\t\t\t\t\t\t<\/div>\n\t\t\t\t<\/div>\n\t\t\t\t<div class=\"elementor-element elementor-element-5cf470e elementor-align-center elementor-widget elementor-widget-button\" data-id=\"5cf470e\" data-element_type=\"widget\" data-widget_type=\"button.default\">\n\t\t\t\t<div class=\"elementor-widget-container\">\n\t\t\t\t\t<div class=\"elementor-button-wrapper\">\n\t\t\t<a class=\"elementor-button elementor-button-link elementor-size-sm\" href=\"https:\/\/apollorental.gr\/fr\/our-fleet\/\">\n\t\t\t\t\t\t<span class=\"elementor-button-content-wrapper\">\n\t\t\t\t\t\t\t\t\t<span class=\"elementor-button-text\">Voir notre flotte<\/span>\n\t\t\t\t\t<\/span>\n\t\t\t\t\t<\/a>\n\t\t<\/div>\n\t\t\t\t<\/div>\n\t\t\t\t<\/div>\n\t\t\t\t\t<\/div>\n\t\t<\/div>\n\t\t\t\t\t<\/div>\n\t\t<\/section>\n\t\t\t\t<\/div>\n\t\t","protected":false},"excerpt":{"rendered":"<p>Profil Bienvenue chez Apollo Rental Vous recherchez le meilleur v\u00e9hicule pour vos vacances \u00e0 Sifnos ? Chez Apollo Rental, en tant que deuxi\u00e8me g\u00e9n\u00e9ration dans le secteur de la location de voitures et avec plus de 10 ans d&rsquo;exp\u00e9rience, nous sommes en mesure de vous proposer des v\u00e9hicules neufs et propres, en excellent \u00e9tat et &hellip;<\/p>\n<p class=\"read-more\"> <a class=\"\" href=\"https:\/\/apollorental.gr\/fr\/about-us\/\"> <span class=\"screen-reader-text\">Profil<\/span> Lire la suite \u00bb<\/a><\/p>\n","protected":false},"author":1,"featured_media":0,"parent":0,"menu_order":0,"comment_status":"closed","ping_status":"closed","template":"","meta":{"site-sidebar-layout":"no-sidebar","site-content-layout":"page-builder","ast-global-header-display":"","ast-main-header-display":"","ast-hfb-above-header-display":"","ast-hfb-below-header-display":"","ast-hfb-mobile-header-display":"","site-post-title":"disabled","ast-breadcrumbs-content":"","ast-featured-img":"disabled","footer-sml-layout":"","theme-transparent-header-meta":"enabled","adv-header-id-meta":"","stick-header-meta":"default","header-above-stick-meta":"","header-main-stick-meta":"","header-below-stick-meta":"","footnotes":""},"class_list":["post-35042","page","type-page","status-publish","hentry"],"_links":{"self":[{"href":"https:\/\/apollorental.gr\/fr\/wp-json\/wp\/v2\/pages\/35042","targetHints":{"allow":["GET"]}}],"collection":[{"href":"https:\/\/apollorental.gr\/fr\/wp-json\/wp\/v2\/pages"}],"about":[{"href":"https:\/\/apollorental.gr\/fr\/wp-json\/wp\/v2\/types\/page"}],"author":[{"embeddable":true,"href":"https:\/\/apollorental.gr\/fr\/wp-json\/wp\/v2\/users\/1"}],"replies":[{"embeddable":true,"href":"https:\/\/apollorental.gr\/fr\/wp-json\/wp\/v2\/comments?post=35042"}],"version-history":[{"count":7,"href":"https:\/\/apollorental.gr\/fr\/wp-json\/wp\/v2\/pages\/35042\/revisions"}],"predecessor-version":[{"id":35053,"href":"https:\/\/apollorental.gr\/fr\/wp-json\/wp\/v2\/pages\/35042\/revisions\/35053"}],"wp:attachment":[{"href":"https:\/\/apollorental.gr\/fr\/wp-json\/wp\/v2\/media?parent=35042"}],"curies":[{"name":"wp","href":"https:\/\/api.w.org\/{rel}","templated":true}]}}